{"id":88,"date":"2017-06-07T21:13:08","date_gmt":"2017-06-07T19:13:08","guid":{"rendered":"http:\/\/themes.uxbarn.com\/wp\/kathy-dummy\/?page_id=14"},"modified":"2019-08-01T18:22:58","modified_gmt":"2019-08-01T16:22:58","slug":"about-kathy-paulson","status":"publish","type":"page","link":"https:\/\/www.thomasplatzer.at\/?page_id=88","title":{"rendered":"\u00dcber Thomas Platzer"},"content":{"rendered":"<p>Thomas Platzer, Jahrgang 1968, ist ein Minimalist, ein Seher, einer, der das Detail in den Vordergrund stellt.<\/p>\n<p>Seine Arbeiten sind feinstofflich, oft nur mit ein paar Linien akzentuiert. Sein Strich ist kr\u00e4ftig, aber hintergr\u00fcndig. Die Farben meist monochrom, versetzt mit subtilen Form- und Stilelementen und wirken in ihrer Schlichtheit in gewisser Weise auch geheimnisvoll. Wenn nicht sogar etwas unheimlich und erinnern zuweilen ein wenig an die Welten, die ein H. P. Lovecraft in seinen Geschichten gezeichnet hat.<\/p>\n<p>Seit ein paar Jahren hat sich der K\u00fcnstler auch dem Medium Fotografie zugewandt. Sein Schwerpunkt: die Natur in all ihren Facetten. Landschaften, Tierwelt. Er schafft es, einen neuen Mikrokosmos zu kreieren, Momente einzufangen, \u00fcberraschende Einblicke zu schenken in eine Welt, die uns so verborgen ist. Er macht sichtbar, was da ist. Immer schon und jeden Tag. Die Bilder sind wie ein Geschenk f\u00fcr das Auge. Auch in der Fotografie arbeitet er feinsinnig und sucht die \u00dcberraschungen in der Natur, die er dann mit Geduld und Hartn\u00e4ckigkeit auch findet.<\/p>\n","protected":false},"excerpt":{"rendered":"<p>Thomas Platzer, Jahrgang 1968, ist ein Minimalist, ein Seher, einer, der das Detail in den Vordergrund stellt. Seine Arbeiten sind feinstofflich, oft nur mit ein paar Linien akzentuiert. Sein Strich ist kr\u00e4ftig, aber hintergr\u00fcndig. Die Farben meist monochrom, versetzt mit subtilen Form- und Stilelementen und wirken in ihrer Schlichtheit in gewisser Weise auch geheimnisvoll. Wenn nicht sogar etwas unheimlich und erinnern zuweilen ein wenig an die Welten, die ein H. P. Lovecraft in seinen Geschichten gezeichnet hat. Seit ein paar Jahren hat sich der K\u00fcnstler auch dem Medium Fotografie zugewandt. Sein Schwerpunkt: die Natur in all ihren Facetten. Landschaften, Tierwelt. Er schafft es, einen neuen Mikrokosmos zu kreieren, Momente einzufangen, \u00fcberraschende Einblicke zu schenken in eine Welt, die uns so verborgen ist. Er macht sichtbar, was da ist. Immer schon und jeden Tag. Die Bilder sind wie ein Geschenk f\u00fcr das Auge. Auch in der Fotografie arbeitet er feinsinnig und sucht die \u00dcberraschungen in der Natur, die er dann mit Geduld und Hartn\u00e4ckigkeit auch findet.<\/p>\n","protected":false},"author":1,"featured_media":316,"parent":0,"menu_order":0,"comment_status":"closed","ping_status":"closed","template":"","meta":[],"_links":{"self":[{"href":"https:\/\/www.thomasplatzer.at\/index.php?rest_route=\/wp\/v2\/pages\/88"}],"collection":[{"href":"https:\/\/www.thomasplatzer.at\/index.php?rest_route=\/wp\/v2\/pages"}],"about":[{"href":"https:\/\/www.thomasplatzer.at\/index.php?rest_route=\/wp\/v2\/types\/page"}],"author":[{"embeddable":true,"href":"https:\/\/www.thomasplatzer.at\/index.php?rest_route=\/wp\/v2\/users\/1"}],"replies":[{"embeddable":true,"href":"https:\/\/www.thomasplatzer.at\/index.php?rest_route=%2Fwp%2Fv2%2Fcomments&post=88"}],"version-history":[{"count":7,"href":"https:\/\/www.thomasplatzer.at\/index.php?rest_route=\/wp\/v2\/pages\/88\/revisions"}],"predecessor-version":[{"id":701,"href":"https:\/\/www.thomasplatzer.at\/index.php?rest_route=\/wp\/v2\/pages\/88\/revisions\/701"}],"wp:featuredmedia":[{"embeddable":true,"href":"https:\/\/www.thomasplatzer.at\/index.php?rest_route=\/wp\/v2\/media\/316"}],"wp:attachment":[{"href":"https:\/\/www.thomasplatzer.at\/index.php?rest_route=%2Fwp%2Fv2%2Fmedia&parent=88"}],"curies":[{"name":"wp","href":"https:\/\/api.w.org\/{rel}","templated":true}]}}